{"id":115531,"date":"2019-08-19T14:53:10","date_gmt":"2019-08-19T14:53:10","guid":{"rendered":"http:\/\/edomex.digital\/?page_id=115531"},"modified":"2021-02-04T15:08:49","modified_gmt":"2021-02-04T21:08:49","slug":"terminos-y-condiciones","status":"publish","type":"page","link":"https:\/\/todos.devg4a.net\/es\/terminos-y-condiciones\/","title":{"rendered":"T\u00e9rminos y condiciones"},"content":{"rendered":"<h1 align=\"center\"><strong><u>AVISO DE PRIVACIDAD<\/u><\/strong><\/h1>\n<p>Espacio Emprendedor sabe que usted toma en serio su privacidad, por lo que tenemos la intenci\u00f3n de ser transparentes con usted sobre nuestras pr\u00e1cticas de datos y darle control sobre la informaci\u00f3n que recopilamos sobre usted (sus \u00abDatos\u00bb), algunos de los cuales pueden identificarlo o de los cuales puede ser identificado.<\/p>\n<p>Esta es la Pol\u00edtica de privacidad de Espacio Emprendedor y sus subsidiarias de propiedad total (colectivamente, \u00abEspacio Emprendedor\u00bb, \u00abnosotros\u00bb, \u00abnos\u00bb o \u00abnuestro\u00bb).<\/p>\n<p>1. Usuarios de Espacio Emprendedor.<\/p>\n<p>A continuaci\u00f3n, se muestran los tipos de datos que recopilamos sobre los usuarios de Espacio Emprendedor y las formas en que podemos recopilar, usar y compartir esos datos.<\/p>\n<p>1.1. Informaci\u00f3n que recopilamos y c\u00f3mo la usamos:<\/p>\n<p>Podemos recopilar y almacenar informaci\u00f3n sobre usted en relaci\u00f3n con el uso del Servicio, incluida cualquier informaci\u00f3n que transmita a trav\u00e9s del Servicio. Utilizamos esa informaci\u00f3n para proporcionar la funcionalidad del Servicio, cumplir con sus solicitudes, mejorar la calidad del Servicio, realizar investigaciones y an\u00e1lisis relacionados con el Servicio, personalizar su experiencia, rastrear el uso del Servicio, proporcionar comentarios a las empresas de terceros que participan en el Servicio, mostrar publicidad relevante, comercializar el Servicio, brindar soporte al cliente, enviarle mensajes, respaldar nuestros sistemas, permitir la recuperaci\u00f3n ante desastres, mejorar la seguridad del Servicio y cumplir con las obligaciones legales.<\/p>\n<p>1.2. Datos recopilados cuando utiliza nuestros servicios al consumidor:<\/p>\n<p>Si opta por aceptar, recibimos autom\u00e1ticamente datos sobre su ubicaci\u00f3n y \/ o direcci\u00f3n IP cada vez que interact\u00faa o utiliza los Servicios al consumidor. Utilizamos diversas tecnolog\u00edas para determinar su ubicaci\u00f3n, como los servicios de ubicaci\u00f3n de su sistema operativo o navegador, los datos del sensor de su dispositivo (por ejemplo, magnet\u00f3metro o bar\u00f3metro, datos de Bluetooth, datos de baliza, puntos de acceso a Wi-Fi, datos de GPS y torre celular) datos) y otros datos que pueden ayudarnos a comprender su ubicaci\u00f3n precisa. Tambi\u00e9n podemos recopilar datos adicionales sobre usted cuando utiliza los Servicios al consumidor. Por ejemplo, recabamos datos:<\/p>\n<ul>\n<li>en relaci\u00f3n con la forma en que interact\u00faa con los Servicios al consumidor, como los t\u00e9rminos de b\u00fasqueda, las p\u00e1ginas que visita, los tiempos de acceso, el tiempo que pasa en cada p\u00e1gina, su direcci\u00f3n IP, las p\u00e1ginas redireccionadas o cualquier mensaje que escriba a otros usuarios, o publicar en los Servicios al consumidor;<\/li>\n<li>Relativo a su dispositivo, como su modelo de hardware, sistema operativo, identificaci\u00f3n \u00fanica, tipo de navegador, idioma y red inal\u00e1mbrica; y<\/li>\n<li>Recopilados por cookies y otras tecnolog\u00edas, como identificaci\u00f3n de cookies, identificaci\u00f3n de publicidad, \u201cweb bacon\u201d, almacenamiento local y p\u00edxeles. Puede controlar ciertos tipos de cookies a trav\u00e9s de la configuraci\u00f3n de su navegador u otras herramientas. Puede revisar nuestra Pol\u00edtica de cookies para obtener m\u00e1s informaci\u00f3n.<\/li>\n<li>Si usa nuestras aplicaciones y ha habilitado los servicios de ubicaci\u00f3n en segundo plano en nuestras aplicaciones, nos ha permitido recopilar los datos anteriores sobre usted en segundo plano, incluso cuando no tiene las aplicaciones abiertas (seg\u00fan lo permitido por la configuraci\u00f3n de su dispositivo). Puede desactivar los servicios de ubicaci\u00f3n en cualquier momento accediendo a la configuraci\u00f3n de su dispositivo y desactivando la ubicaci\u00f3n de fondo.<\/li>\n<\/ul>\n<p>1.3. Datos recabados de terceros.<\/p>\n<p>Podemos recabar datos sobre usted a trav\u00e9s de terceros, incluidos Clientes y \/ o terceros con servicios que interact\u00faan con los Servicios al consumidor o que nos brindan servicios, como aplicaciones y sitios web no afiliados. Estos datos pueden incluir datos sobre su actividad cuando utiliza los Servicios al consumidor o en sitios web y aplicaciones no afiliados, o datos recibidos de navegadores web o sistemas operativos, tales como tipos y configuraciones de navegador, sistemas operativos, modelos de dispositivos, operadores, informaci\u00f3n de ubicaci\u00f3n, direcci\u00f3n IP, dispositivos m\u00f3viles e identificadores publicitarios.<\/p>\n<p>1.4. Uso de datos.<\/p>\n<p>Podemos usar sus datos para operar y mantener los Servicios al Consumidor. Si descarga m\u00e1s de una aplicaci\u00f3n, podemos combinar sus datos proporcionados en cada aplicaci\u00f3n. Si utiliza los Servicios al consumidor cuando no ha iniciado sesi\u00f3n en su cuenta Espacio Emprendedor, en el momento en el que inicie sesi\u00f3n en su cuenta Espacio Emprendedor, se pueden combinar los datos recopilados que se obtuvieron mientras se encontraba desconectado de su cuenta de Espacio Emprendedor.<\/p>\n<p>Tambi\u00e9n podemos usar sus datos para investigaci\u00f3n y desarrollo, para mejorar los Servicios al consumidor u ofrecer nuevos productos, caracter\u00edsticas y herramientas, pero solo en la medida en que esto cumpla con la ley aplicable.<\/p>\n<p>Tambi\u00e9n podemos usar sus datos para ayudarnos a mapear ubicaciones (como se define a continuaci\u00f3n). Por ejemplo, podemos usar se\u00f1ales de dispositivo para determinar que un dispositivo en particular se encuentra dentro de un lugar. Adem\u00e1s, si acepta compartir datos de bloqueo con nosotros (cuando las aplicaciones se bloquean), podemos usar esos datos para ayudarnos a analizar la causa del bloqueo.<\/p>\n<p>Podemos usar sus datos para comunicarnos con usted, incluso por correo electr\u00f3nico, mensaje de texto (solo si acepta) o en nuestras Aplicaciones, sobre nuevas ofertas de productos, actualizaciones de los Servicios al consumidor o cualquier otra cosa que creamos que pueda ser de inter\u00e9s para usted, sin embargo, usted puede optar por no recibir comunicaciones de marketing y promocionales.<\/p>\n<p>De igual manera, el cliente acepta que sus datos sean utilizados para la administraci\u00f3n de Google My Business, cuyas condiciones se encuentran descritas en los siguientes v\u00ednculos:\u00a0<a href=\"https:\/\/support.google.com\/business\/answer\/9292476?hl=es-419\" data-sb-event=\"link-outgoing\" data-sb-prop-link=\"https:\/\/support.google.com\/business\/answer\/9292476?hl=es-419\">https:\/\/support.google.com\/business\/answer\/9292476?hl=es-419<\/a><\/p>\n<p><a href=\"https:\/\/support.google.com\/business\/answer\/3038177?hl=es-419\" data-sb-event=\"link-outgoing\" data-sb-prop-link=\"https:\/\/support.google.com\/business\/answer\/3038177?hl=es-419\">https:\/\/support.google.com\/business\/answer\/3038177?hl=es-419<\/a><\/p>\n<p>Tambi\u00e9n podemos utilizar sus datos, tales como nombre y n\u00famero telef\u00f3nico para temas de publicidad y promociones, a trav\u00e9s de correo electr\u00f3nico o v\u00eda Whats App, siempre que el usuario acepte este aviso de privacidad.<\/p>\n<p>Protecci\u00f3n de nuestros derechos: Podemos usar sus datos para proteger los derechos, la propiedad o la seguridad de Espacio Emprendedor, los Servicios al consumidor, nuestros usuarios y empleados, o cualquier tercero. Por ejemplo, podemos usar sus datos si necesitamos hacer cumplir o aplicar nuestros T\u00e9rminos de Servicio o Pol\u00edticas.<\/p>\n<p>1.5. Datos compartidos<\/p>\n<p>No alquilamos ni vendemos datos sobre los usuarios sin su consentimiento a menos que sean an\u00f3nimos, agregados o seud\u00f3nimos. Sin embargo, como se describe m\u00e1s detalladamente en esta Pol\u00edtica de privacidad, podemos otorgar licencias o proporcionar otros datos a terceros, siempre que hayamos recibido su consentimiento para hacerlo.<\/p>\n<p>Cuando utiliza los Servicios al Consumidor, sus personas autorizadas pueden ver parte de su informaci\u00f3n, como su nombre, direcci\u00f3n de correo electr\u00f3nico, n\u00famero de tel\u00e9fono asociado con su cuenta, foto de perfil, ciudad natal, barcos de alcalde e insignias \/ calcoman\u00edas, y enlaces a su Twitter y Cuentas de Facebook (si lo decide), una lista de sus amigos, un mapa de su historial de registro, cualquier contenido o comentario que publique, y qu\u00e9 aplicaciones utiliza.<\/p>\n<p>Salvo lo permitido por esta Pol\u00edtica de privacidad, solo compartiremos dicha informaci\u00f3n con su consentimiento.<\/p>\n<p>Algunas caracter\u00edsticas y funcionalidades en nuestras aplicaciones pueden requerir que proporcione su ubicaci\u00f3n. Si tiene activados sus servicios de ubicaci\u00f3n, cada vez que abre y usa o interact\u00faa con nuestras aplicaciones (por ejemplo, escribir una sugerencia o registrarse en un restaurante) en su dispositivo m\u00f3vil, recopilamos y usamos sus datos de ubicaci\u00f3n desde su dispositivo m\u00f3vil (por ejemplo, latitud y longitud) para adaptar los Servicios al consumidor a su ubicaci\u00f3n actual (es decir, le mostraremos una lista de ubicaciones cercanas y consejos). Solo procesaremos los datos de su ubicaci\u00f3n con su permiso. Si tiene activados los datos de ubicaci\u00f3n en segundo plano otorg\u00e1ndonos permiso a trav\u00e9s de la configuraci\u00f3n de ubicaci\u00f3n de su dispositivo y en su configuraci\u00f3n de privacidad, de vez en cuando obtendremos la ubicaci\u00f3n de su dispositivo incluso si no est\u00e1 interactuando directamente con las Aplicaciones. Aparte de una forma an\u00f3nima o agregada, su ubicaci\u00f3n nunca se comparte con otros, excepto con su consentimiento o seg\u00fan lo permitido por esta Pol\u00edtica de privacidad.<\/p>\n<p>2. Cookies.<\/p>\n<p>Podemos utilizar tecnolog\u00edas como cookies, p\u00edxeles, \u201cweb bacon\u201d, almacenamiento local y otros identificadores en nuestros Sitios, en nuestros correos electr\u00f3nicos, dentro de nuestras Aplicaciones y, a veces, en aplicaciones de terceros que utilizan nuestra API o SDK para proporcionarle una gama de productos y servicios. Utilizamos estas tecnolog\u00edas para diversos fines, como autenticaci\u00f3n, seguridad, configuraci\u00f3n de preferencias, publicidad y an\u00e1lisis. A veces trabajamos con anunciantes u otros socios y proveedores de servicios de publicidad para mostrarle anuncios en los Servicios al consumidor, o en un sitio web o aplicaci\u00f3n de terceros, que pueden ser relevantes para usted en funci\u00f3n de su interacci\u00f3n con los Servicios al consumidor, incluidos los lugares que tiene \u00abregistrado\u00bb.<\/p>\n<p>Puede controlar las cookies a trav\u00e9s de la configuraci\u00f3n de su navegador y otras herramientas.<\/p>\n<p>Los prop\u00f3sitos para los que usamos Cookies en el Servicio incluyen:<\/p>\n<p>\u2022 Procesos: destinados a hacer que el Servicio funcione de la manera que espera. Por ejemplo, usamos una cookie que nos dice si ya se ha registrado para una cuenta.<\/p>\n<p>\u2022 Autenticaci\u00f3n, seguridad y cumplimiento: destinado a prevenir el fraude, proteger sus datos de terceros no autorizados y cumplir con los requisitos legales. Por ejemplo, utilizamos cookies para determinar si ha iniciado sesi\u00f3n.<\/p>\n<p>\u2022 Preferencias: destinado a recordar informaci\u00f3n sobre c\u00f3mo prefiere que se comporte y se vea el Servicio. Por ejemplo, utilizamos una cookie que nos dice si usted se ha negado a permitirnos enviar notificaciones autom\u00e1ticas a su tel\u00e9fono.<\/p>\n<p>\u2022 Notificaciones: destinadas a permitir o evitar avisos de informaci\u00f3n u opciones que creemos que podr\u00edan mejorar su uso del Servicio. Por ejemplo, utilizamos una cookie que nos impide mostrarle la notificaci\u00f3n de registro si ya la ha visto.<\/p>\n<p>\u2022 Publicidad: destinada a hacer que la publicidad sea m\u00e1s relevante para los usuarios y m\u00e1s valiosa para los anunciantes. Por ejemplo, podemos usar Cookies para mostrarle anuncios basados \u200b\u200ben intereses, como los anuncios que se le muestran en funci\u00f3n de sus visitas a otros sitios web, o para informarnos si recientemente hizo clic en un anuncio.<\/p>\n<p>\u2022 An\u00e1lisis: destinado a ayudarnos a comprender c\u00f3mo los visitantes usan el Servicio. Por ejemplo, utilizamos una cookie que nos dice c\u00f3mo nuestras sugerencias de b\u00fasqueda se correlacionan con sus interacciones con la p\u00e1gina de b\u00fasqueda.<\/p>\n<p>Si tiene preguntas sobre c\u00f3mo acceder, actualizar o eliminar sus datos, env\u00ede un correo electr\u00f3nico a __________________<\/p>\n<p>3. Sus derechos legales<\/p>\n<p>Sujeto a la ley aplicable, puede tener una serie de derechos con respecto al procesamiento de su informaci\u00f3n personal, que incluyen:<\/p>\n<p>\u2022 el derecho a solicitar acceso o copias de su informaci\u00f3n personal que procesamos o controlamos, junto con informaci\u00f3n sobre la naturaleza, el procesamiento y la divulgaci\u00f3n de esa informaci\u00f3n;<\/p>\n<p>\u2022 el derecho a solicitar la rectificaci\u00f3n de cualquier inexactitud en su informaci\u00f3n que procesemos o controlemos;<\/p>\n<p>\u2022 el derecho a solicitar, por motivos leg\u00edtimos:<\/p>\n<p>\u2022 eliminaci\u00f3n de la informaci\u00f3n que procesamos o controlamos; o<\/p>\n<p>\u2022 restricci\u00f3n del procesamiento de la informaci\u00f3n que procesamos o controlamos;<\/p>\n<p>\u2022 el derecho a oponerse, por motivos leg\u00edtimos, al procesamiento de su informaci\u00f3n personal por nuestra parte o en nuestro nombre;<\/p>\n<p>\u2022 el derecho a que su informaci\u00f3n personal que procesamos o controlemos se transfiera a otro controlador de datos, en la medida que corresponda;<\/p>\n<p>\u2022 donde procesamos su informaci\u00f3n personal sobre la base de su consentimiento, el derecho a retirar ese consentimiento; y<\/p>\n<p>\u2022 el derecho a presentar una queja ante una Autoridad de Protecci\u00f3n de Datos con respecto al procesamiento de su informaci\u00f3n personal por nuestra parte o en nuestro nombre.<\/p>\n<p>Esto no afecta sus derechos legales.<\/p>\n<p>Para ejercer uno o m\u00e1s de estos derechos, o para hacer una pregunta sobre estos derechos o cualquier otra disposici\u00f3n de esta Pol\u00edtica de privacidad, o sobre nuestro procesamiento de su informaci\u00f3n personal, utilice los datos de contacto que se proporcionan a continuaci\u00f3n.<\/p>\n<p>4. Responsabilidades.<\/p>\n<p>Cada usuario es responsable del manejo de la informaci\u00f3n personal de sus clientes, por lo que se comprometen a sacar en paz y a salvo a Espacio Emprendedor de cualquier mal manejo de dicha informaci\u00f3n, asimismo, Espacio Emprendedor responder\u00e1 ante terceros subcontratados para la prestaci\u00f3n de servicios, y ante quienes act\u00fae como intermediario, sacando en paz y a salvo a todos los involucrados.<\/p>\n<p>5. Seguridad<\/p>\n<p>Utilizamos varias salvaguardas para proteger la informaci\u00f3n personal que se nos env\u00eda, tanto durante la transmisi\u00f3n como una vez que la recibimos. Sin embargo, ning\u00fan m\u00e9todo de transmisi\u00f3n por Internet o dispositivo m\u00f3vil, o m\u00e9todo de almacenamiento electr\u00f3nico, es 100% seguro. Por lo tanto, si bien nos esforzamos por utilizar medios comercialmente aceptables para proteger su informaci\u00f3n personal, no podemos garantizar su seguridad absoluta.<\/p>\n<p>6. Ni\u00f1os menores de 13 a\u00f1os<\/p>\n<p>Tampoco los Servicios al consumidor est\u00e1n dirigidos a personas menores de 13 a\u00f1os. No recopilamos a sabiendas ning\u00fan dato de ni\u00f1os menores de 13 a\u00f1os. Si observa o sospecha que un usuario es menor de 13 a\u00f1os, comun\u00edquese con nosotros de inmediato a _______________________.<\/p>\n<p>7. Cambios a esta Pol\u00edtica de privacidad<\/p>\n<p>Espacio Emprendedor puede modificar esta Pol\u00edtica de privacidad de vez en cuando. Le recomendamos que revise regularmente esta p\u00e1gina para revisar cualquier cambio que podamos hacer de acuerdo con esta Pol\u00edtica de privacidad. Si hacemos cambios materiales en la forma en que usamos sus Datos, se lo notificaremos publicando un anuncio en nuestros Sitios o Aplicaciones, o envi\u00e1ndole un correo electr\u00f3nico (si tenemos su correo electr\u00f3nico). Si la ley lo permite, los usuarios est\u00e1n sujetos a cualquier cambio en esta Pol\u00edtica de privacidad cuando usan los Servicios al consumidor y los Servicios empresariales despu\u00e9s de que dichos cambios se hayan publicado por primera vez.8. Cont\u00e1ctenos<\/p>\n<p>Si tiene alguna pregunta o inquietud con respecto a esta Pol\u00edtica de privacidad, env\u00ede un mensaje detallado a: _____________ o la direcci\u00f3n de Espacio Emprendedor, _______________________. Haremos todo lo posible para resolver sus inquietudes.<\/p>\n","protected":false},"excerpt":{"rendered":"<p>AVISO DE PRIVACIDAD Espacio Emprendedor sabe que usted toma en serio su privacidad, por lo que tenemos la intenci\u00f3n de ser transparentes con usted sobre nuestras pr\u00e1cticas de datos y darle control sobre la informaci\u00f3n que recopilamos sobre usted (sus \u00abDatos\u00bb), algunos de los cuales pueden identificarlo o de los cuales puede ser identificado. Esta [&hellip;]<\/p>\n","protected":false},"author":2,"featured_media":0,"parent":0,"menu_order":0,"comment_status":"closed","ping_status":"closed","template":"","meta":{"_acf_changed":false,"footnotes":""},"class_list":["post-115531","page","type-page","status-publish","hentry"],"acf":[],"yoast_head":"<!-- This site is optimized with the Yoast SEO plugin v26.8 - https:\/\/yoast.com\/product\/yoast-seo-wordpress\/ -->\n<title>T\u00e9rminos y condiciones - Directorio Staging - Todos W<\/title>\n<meta name=\"robots\" content=\"index, follow, max-snippet:-1, max-image-preview:large, max-video-preview:-1\" \/>\n<link rel=\"canonical\" href=\"https:\/\/todos.devg4a.net\/es\/terminos-y-condiciones\/\" \/>\n<meta property=\"og:locale\" content=\"es_ES\" \/>\n<meta property=\"og:locale:alternate\" content=\"en_US\" \/>\n<meta property=\"og:type\" content=\"article\" \/>\n<meta property=\"og:title\" content=\"T\u00e9rminos y condiciones - Directorio Staging - Todos W\" \/>\n<meta property=\"og:description\" content=\"AVISO DE PRIVACIDAD Espacio Emprendedor sabe que usted toma en serio su privacidad, por lo que tenemos la intenci\u00f3n de ser transparentes con usted sobre nuestras pr\u00e1cticas de datos y darle control sobre la informaci\u00f3n que recopilamos sobre usted (sus \u00abDatos\u00bb), algunos de los cuales pueden identificarlo o de los cuales puede ser identificado. Esta [&hellip;]\" \/>\n<meta property=\"og:url\" content=\"https:\/\/todos.devg4a.net\/es\/terminos-y-condiciones\/\" \/>\n<meta property=\"og:site_name\" content=\"Directorio Staging - Todos W\" \/>\n<meta property=\"article:modified_time\" content=\"2021-02-04T21:08:49+00:00\" \/>\n<meta name=\"twitter:card\" content=\"summary_large_image\" \/>\n<meta name=\"twitter:label1\" content=\"Tiempo de lectura\" \/>\n\t<meta name=\"twitter:data1\" content=\"10 minutos\" \/>\n<script type=\"application\/ld+json\" class=\"yoast-schema-graph\">{\"@context\":\"https:\/\/schema.org\",\"@graph\":[{\"@type\":\"WebPage\",\"@id\":\"https:\/\/todos.devg4a.net\/en\/terminos-y-condiciones\/\",\"url\":\"https:\/\/todos.devg4a.net\/en\/terminos-y-condiciones\/\",\"name\":\"T\u00e9rminos y condiciones - Directorio Staging - Todos W\",\"isPartOf\":{\"@id\":\"https:\/\/todos.devg4a.net\/#website\"},\"datePublished\":\"2019-08-19T14:53:10+00:00\",\"dateModified\":\"2021-02-04T21:08:49+00:00\",\"breadcrumb\":{\"@id\":\"https:\/\/todos.devg4a.net\/en\/terminos-y-condiciones\/#breadcrumb\"},\"inLanguage\":\"es-ES\",\"potentialAction\":[{\"@type\":\"ReadAction\",\"target\":[\"https:\/\/todos.devg4a.net\/en\/terminos-y-condiciones\/\"]}]},{\"@type\":\"BreadcrumbList\",\"@id\":\"https:\/\/todos.devg4a.net\/en\/terminos-y-condiciones\/#breadcrumb\",\"itemListElement\":[{\"@type\":\"ListItem\",\"position\":1,\"name\":\"Portada\",\"item\":\"https:\/\/todos.devg4a.net\/en\/\"},{\"@type\":\"ListItem\",\"position\":2,\"name\":\"T\u00e9rminos y condiciones\"}]},{\"@type\":\"WebSite\",\"@id\":\"https:\/\/todos.devg4a.net\/#website\",\"url\":\"https:\/\/todos.devg4a.net\/\",\"name\":\"Directorio Staging - Todos W\",\"description\":\"Encuentra informaci\u00f3n de Pymes en nuestro directorio digital.\",\"potentialAction\":[{\"@type\":\"SearchAction\",\"target\":{\"@type\":\"EntryPoint\",\"urlTemplate\":\"https:\/\/todos.devg4a.net\/?s={search_term_string}\"},\"query-input\":{\"@type\":\"PropertyValueSpecification\",\"valueRequired\":true,\"valueName\":\"search_term_string\"}}],\"inLanguage\":\"es-ES\"}]}<\/script>\n<!-- \/ Yoast SEO plugin. -->","yoast_head_json":{"title":"T\u00e9rminos y condiciones - Directorio Staging - Todos W","robots":{"index":"index","follow":"follow","max-snippet":"max-snippet:-1","max-image-preview":"max-image-preview:large","max-video-preview":"max-video-preview:-1"},"canonical":"https:\/\/todos.devg4a.net\/es\/terminos-y-condiciones\/","og_locale":"es_ES","og_type":"article","og_title":"T\u00e9rminos y condiciones - Directorio Staging - Todos W","og_description":"AVISO DE PRIVACIDAD Espacio Emprendedor sabe que usted toma en serio su privacidad, por lo que tenemos la intenci\u00f3n de ser transparentes con usted sobre nuestras pr\u00e1cticas de datos y darle control sobre la informaci\u00f3n que recopilamos sobre usted (sus \u00abDatos\u00bb), algunos de los cuales pueden identificarlo o de los cuales puede ser identificado. Esta [&hellip;]","og_url":"https:\/\/todos.devg4a.net\/es\/terminos-y-condiciones\/","og_site_name":"Directorio Staging - Todos W","article_modified_time":"2021-02-04T21:08:49+00:00","twitter_card":"summary_large_image","twitter_misc":{"Tiempo de lectura":"10 minutos"},"schema":{"@context":"https:\/\/schema.org","@graph":[{"@type":"WebPage","@id":"https:\/\/todos.devg4a.net\/en\/terminos-y-condiciones\/","url":"https:\/\/todos.devg4a.net\/en\/terminos-y-condiciones\/","name":"T\u00e9rminos y condiciones - Directorio Staging - Todos W","isPartOf":{"@id":"https:\/\/todos.devg4a.net\/#website"},"datePublished":"2019-08-19T14:53:10+00:00","dateModified":"2021-02-04T21:08:49+00:00","breadcrumb":{"@id":"https:\/\/todos.devg4a.net\/en\/terminos-y-condiciones\/#breadcrumb"},"inLanguage":"es-ES","potentialAction":[{"@type":"ReadAction","target":["https:\/\/todos.devg4a.net\/en\/terminos-y-condiciones\/"]}]},{"@type":"BreadcrumbList","@id":"https:\/\/todos.devg4a.net\/en\/terminos-y-condiciones\/#breadcrumb","itemListElement":[{"@type":"ListItem","position":1,"name":"Portada","item":"https:\/\/todos.devg4a.net\/en\/"},{"@type":"ListItem","position":2,"name":"T\u00e9rminos y condiciones"}]},{"@type":"WebSite","@id":"https:\/\/todos.devg4a.net\/#website","url":"https:\/\/todos.devg4a.net\/","name":"Directorio Staging - Todos W","description":"Encuentra informaci\u00f3n de Pymes en nuestro directorio digital.","potentialAction":[{"@type":"SearchAction","target":{"@type":"EntryPoint","urlTemplate":"https:\/\/todos.devg4a.net\/?s={search_term_string}"},"query-input":{"@type":"PropertyValueSpecification","valueRequired":true,"valueName":"search_term_string"}}],"inLanguage":"es-ES"}]}},"_links":{"self":[{"href":"https:\/\/todos.devg4a.net\/es\/wp-json\/wp\/v2\/pages\/115531","targetHints":{"allow":["GET"]}}],"collection":[{"href":"https:\/\/todos.devg4a.net\/es\/wp-json\/wp\/v2\/pages"}],"about":[{"href":"https:\/\/todos.devg4a.net\/es\/wp-json\/wp\/v2\/types\/page"}],"author":[{"embeddable":true,"href":"https:\/\/todos.devg4a.net\/es\/wp-json\/wp\/v2\/users\/2"}],"replies":[{"embeddable":true,"href":"https:\/\/todos.devg4a.net\/es\/wp-json\/wp\/v2\/comments?post=115531"}],"version-history":[{"count":5,"href":"https:\/\/todos.devg4a.net\/es\/wp-json\/wp\/v2\/pages\/115531\/revisions"}],"predecessor-version":[{"id":625571,"href":"https:\/\/todos.devg4a.net\/es\/wp-json\/wp\/v2\/pages\/115531\/revisions\/625571"}],"wp:attachment":[{"href":"https:\/\/todos.devg4a.net\/es\/wp-json\/wp\/v2\/media?parent=115531"}],"curies":[{"name":"wp","href":"https:\/\/api.w.org\/{rel}","templated":true}]}}